{"id":165,"date":"2016-07-22T15:08:16","date_gmt":"2016-07-22T15:08:16","guid":{"rendered":"http:\/\/www.straightforex.com\/es\/?page_id=165"},"modified":"2016-08-03T01:38:09","modified_gmt":"2016-08-03T01:38:09","slug":"principales-participantes","status":"publish","type":"page","link":"http:\/\/www.straightforex.com\/es\/curso-basico-de-forex\/introduccion-al-mercado-forex\/principales-participantes\/","title":{"rendered":"Principales Participantes"},"content":{"rendered":"<p>Hace unas d\u00e9cadas los participantes mas importante en el mercado Forex eran los bancos comerciales que tomaban posiciones contra otros bancos por una variedad de razones incluyendo la especulaci\u00f3n, para cubrirse, entre otras y compa\u00f1\u00edas (exportadoras e importadoras de bienes y servicios) que usaban a los bancos para realizar sus transacciones. Esta era aproximadamente el 70% del volumen generado de las transacciones de divisas.<\/p>\n<p>En estos d\u00edas esto ha cambiado. Con el desarrollo de tecnolog\u00edas y la habilidad de realizar transacciones intercontinentales con mayor facilidad otras <strong>instituciones financieras y no financieras pueden participar en el mercado Forex.<\/strong> De la misma manera lo hacen inversionistas y operadores alrededor del mundo.<\/p>\n<p>Ahora, <strong>la especulaci\u00f3n tiene una participaci\u00f3n de m\u00e1s del 80%<\/strong> del volumen generado diariamente. Estas transacciones son conducidas desde bancos hasta peque\u00f1os operadores e inversionistas.<\/p>\n<p>Los principales participantes del mercado son: bancos, bancos centrales, compa\u00f1\u00edas comerciales, operadores e inversionistas individuales y los brokers. Ellos hacen operaciones por una variedad de razones como:<\/p>\n<p><i class=\"uk-theme-icon-check uk-margin-small-top\"><\/i>   Obtener ganancias de fluctuaciones en las divisas<br \/>\n<i class=\"uk-theme-icon-check uk-margin-small-top\"><\/i>   Para protegerse de fluctuaciones en las divisas (hedging)<br \/>\n<i class=\"uk-theme-icon-check uk-margin-small-top\"><\/i>   Para obtener ganancias del inter\u00e9s generado por las tasas de inter\u00e9s.<\/p>\n<h3>Bancos<\/h3>\n<p>Los bancos son los mayores participantes del mercado de divisas. La mayor\u00eda de las transacciones son hechas a trav\u00e9s de los mismos bancos (de especulaci\u00f3n y comercial). Grandes transacciones son hechas por estos bancos (billones de d\u00f3lares diarios) y son hechas por cuenta propia y por \u00f3rdenes de clientes. La especulaci\u00f3n de los bancos es aproximadamente el 70% del volumen generado diariamente.<\/p>\n<h5>Los bancos m\u00e1s activos en el mercado Forex<\/h5>\n<p><img loading=\"lazy\" decoding=\"async\" src=\"http:\/\/www.straightforex.com\/es\/wp-content\/uploads\/tabla5.gif\" alt=\"tabla5\" width=\"545\" height=\"211\" class=\"alignnone size-full wp-image-166\" \/><br \/>\nTabla 5<br \/>\n<em>Fuente: Wikipedia<\/em><\/p>\n<h3>Bancos centrales<\/h3>\n<p>Los bancos centrales son grandes participantes del mercado de divisas, aunque las razones de ellos no son especulativas. El objetivo principal de los bancos centrales es controlar y regular la cantidad de dinero ofertada en una naci\u00f3n para alcanzar sus objetivos econ\u00f3micos. Un banco central puede intervenir en el mercado de divisas por las siguientes razones:<\/p>\n<p><i class=\"uk-theme-icon-check uk-margin-small-top\"><\/i>   Para ganar estabilidad en el tipo de cambio<br \/>\n<i class=\"uk-theme-icon-check uk-margin-small-top\"><\/i>   Para proteger ciertos niveles del tipo de cambio<br \/>\n<i class=\"uk-theme-icon-check uk-margin-small-top\"><\/i>   Cuando los objetivos econ\u00f3micos principales deben ser alcanzados. <\/p>\n<p>Algunos bancos centrales son mas conservadores que otros, unos intervienen regularmente (como el banco central de Jap\u00f3n*) y otros no tan seguido como la Reserva Federal (banco central de Estados Unidos).<\/p>\n<p><strong>Los bancos centrales con mayor influencia son:<\/strong><\/p>\n<p><i class=\"uk-theme-icon-check uk-margin-small-top\"><\/i>  La Reserva Federal, de Estados Unidos<br \/>\n<i class=\"uk-theme-icon-check uk-margin-small-top\"><\/i>  El Banco Central de Jap\u00f3n<br \/>\n<i class=\"uk-theme-icon-check uk-margin-small-top\"><\/i>  El Banco Central de Inglaterra<br \/>\n<i class=\"uk-theme-icon-check uk-margin-small-top\"><\/i>  El Banco Central Europeo<br \/>\n<i class=\"uk-theme-icon-check uk-margin-small-top\"><\/i>  El Banco Central de Canad\u00e1<br \/>\n<i class=\"uk-theme-icon-check uk-margin-small-top\"><\/i>  El Banco Nacional de Suiza<\/p>\n<p><em>*El Banco Central de Jap\u00f3n sol\u00eda intervenir muy a menudo en el mercado de divisas, pero en fechas recientes ya no lo ha hecho tan seguido. <\/em><\/p>\n<h3>Compa\u00f1\u00edas comerciales<\/h3>\n<p>Estas son corporaciones que participan en el mercado de divisas intercambiando bienes y servicios fuera de la naci\u00f3n. La mayor\u00eda de las compa\u00f1\u00edas les gusta recibir dinero en la moneda local o d\u00f3lares americanos, entonces para completar las transacciones necesitan adquirir moneda extranjera a trav\u00e9s de bancos comerciales.<\/p>\n<p>Otra raz\u00f3n por la cual las compa\u00f1\u00edas participan en el mercado de divisas es para cubrirse en caso de altas fluctuaciones de su divisa. Por ejemplo, una compa\u00f1\u00eda va a recibir pagos en el futuro en su moneda local. La moneda local se ha venido depreciando y se espera que contin\u00fae depreciando hasta el pr\u00f3ximo a\u00f1o. En este caso, la compa\u00f1\u00eda puede vender (o ponerse corto) en su moneda local y comprar (ponerse largo) en la moneda en la que el pago va a ser recibido. De esta manera la fluctuaci\u00f3n de la moneda no afecta a la compa\u00f1\u00eda.<\/p>\n<h3>Fondos de Inversi\u00f3n<\/h3>\n<p>Estas compa\u00f1\u00edas hacen transacciones e invierten en pa\u00edses extranjeros o en moneda extranjera. Hoy en d\u00eda puesto que el costo de las transacciones se van reduciendo, estos fondos hacen m\u00e1s y m\u00e1s transacciones en moneda extranjera. <\/p>\n<h3>Brokers<\/h3>\n<p>El objetivo principal de los brokers es juntar a los compradores y vendedores de una moneda, es decir, son intermediarios. La mayor\u00eda de los brokers no cobran comisiones, sino que obtienen sus ganancias del spread.<\/p>\n<p><strong>Existen dos tipos de brokers:<\/strong><\/p>\n<h5>Market Maker (con mesa de dinero)<\/h5>\n<p> Este broker es la contra partida de cada transacci\u00f3n realizada por el trader. Cuando un trader abre una operaci\u00f3n, el broker toma la misma operaci\u00f3n en direcci\u00f3n contraria. Esto quiere decir que si el trader va a la compra en una moneda, el broker va a la venta, esto lo hacen para cubrirse. <\/p>\n<h5>Non-dealing desk (Sin mesa de dinero)<\/h5>\n<p> El broker solo conecta al trader con bancos (y otros traders) a trav\u00e9s de una ECN (Electronic Communication network). El broker no abre ninguna operaci\u00f3n. Este tipo de brokers son los que com\u00fanmente cobran una comisi\u00f3n adicional al spread, pero como ya lo dijimos, los costos pueden ser menores a los Market Makers.  <\/p>\n<h3>Operadores individuales e inversionistas<\/h3>\n<p>Individuos que hacen operaciones por varias razones incluyendo: especulaci\u00f3n, un turista que necesita moneda extranjera, etc. <\/p>\n","protected":false},"excerpt":{"rendered":"<p>Hace unas d\u00e9cadas los participantes mas importante en el mercado Forex eran los bancos comerciales que tomaban posiciones contra otros bancos por una variedad de razones incluyendo la especulaci\u00f3n, para cubrirse, entre otras y compa\u00f1\u00edas (exportadoras e importadoras de bienes y servicios) que usaban a los bancos para realizar sus transacciones. Esta era aproximadamente el [&hellip;]<\/p>\n","protected":false},"author":1,"featured_media":0,"parent":142,"menu_order":3,"comment_status":"open","ping_status":"closed","template":"","meta":{"footnotes":""},"class_list":["post-165","page","type-page","status-publish","hentry"],"_links":{"self":[{"href":"http:\/\/www.straightforex.com\/es\/wp-json\/wp\/v2\/pages\/165","targetHints":{"allow":["GET"]}}],"collection":[{"href":"http:\/\/www.straightforex.com\/es\/wp-json\/wp\/v2\/pages"}],"about":[{"href":"http:\/\/www.straightforex.com\/es\/wp-json\/wp\/v2\/types\/page"}],"author":[{"embeddable":true,"href":"http:\/\/www.straightforex.com\/es\/wp-json\/wp\/v2\/users\/1"}],"replies":[{"embeddable":true,"href":"http:\/\/www.straightforex.com\/es\/wp-json\/wp\/v2\/comments?post=165"}],"version-history":[{"count":8,"href":"http:\/\/www.straightforex.com\/es\/wp-json\/wp\/v2\/pages\/165\/revisions"}],"predecessor-version":[{"id":878,"href":"http:\/\/www.straightforex.com\/es\/wp-json\/wp\/v2\/pages\/165\/revisions\/878"}],"up":[{"embeddable":true,"href":"http:\/\/www.straightforex.com\/es\/wp-json\/wp\/v2\/pages\/142"}],"wp:attachment":[{"href":"http:\/\/www.straightforex.com\/es\/wp-json\/wp\/v2\/media?parent=165"}],"curies":[{"name":"wp","href":"https:\/\/api.w.org\/{rel}","templated":true}]}}