{"id":149,"date":"2016-07-22T14:38:16","date_gmt":"2016-07-22T14:38:16","guid":{"rendered":"http:\/\/www.straightforex.com\/es\/?page_id=149"},"modified":"2016-08-03T01:34:01","modified_gmt":"2016-08-03T01:34:01","slug":"beneficios-de-operar-el-mercado-forex","status":"publish","type":"page","link":"http:\/\/www.straightforex.com\/es\/curso-basico-de-forex\/introduccion-al-mercado-forex\/beneficios-de-operar-el-mercado-forex\/","title":{"rendered":"Ventajas de Operar el Mercado Forex"},"content":{"rendered":"<p>Operar el mercado Forex tiene muchas ventajas sobre otros mercados financieros. Entre las m\u00e1s importantes tenemos:<\/p>\n<h3>Liquidez<\/h3>\n<p> El Mercado Forex es por mucho el mercado financiero mas liquido del mundo con caso 2 trillones de d\u00f3lares en transacciones diarias. \u00bfC\u00f3mo nos ayuda la liquidez? Nos ayuda de las siguientes maneras:<\/p>\n<p><i class=\"uk-theme-icon-check uk-margin-small-top\"><\/i>  Estabilidad del precio. Con un mercado tan grande como el Forex siempre va a haber alguien queriendo vender o comprar a cualquier precio, haciendo muy f\u00e1cil abrir y cerrar transacciones en cualquier momento del d\u00eda.<br \/>\n<i class=\"uk-theme-icon-check uk-margin-small-top\"><\/i>  La gran liquidez tambi\u00e9n nos permite abrir y cerrar posiciones con ejecuciones consistentes.<br \/>\n<i class=\"uk-theme-icon-check uk-margin-small-top\"><\/i>  La gran liquidez del mercado tambi\u00e9n hace dif\u00edcil que el mercado pueda ser manipulado. Si alguien quisiera manipularlo, \u00e9ste requiere de enormes cantidades de dinero.<\/p>\n<h5>Volumen Generado por Pa\u00eds<\/h5>\n<p><img loading=\"lazy\" decoding=\"async\" src=\"http:\/\/www.straightforex.com\/es\/wp-content\/uploads\/tabla1.gif\" alt=\"tabla1\" width=\"591\" height=\"220\" class=\"alignnone size-full wp-image-162\" \/><\/p>\n<p>[Tabla 1]<\/p>\n<p><em>Fuente: Bank of International Settlements<\/em><\/p>\n<p>En la tabla de arriba vemos como el volumen de Gran Breta\u00f1a y US tienen alrededor del 50% del volumen de operaciones, y como regla de dedo, entre m\u00e1s volumen, el mercado se mueve m\u00e1s. Ya hablaremos de esto m\u00e1s adelante. <\/p>\n<h3>Mercado de 24 horas<\/h3>\n<p> Se dice que el Mercado Forex gira alrededor del reloj. Esto significa que puedes abrir o cerrar posiciones desde el domingo a las 5:00 PM EST cuando Nueva Zelanda inicia operaciones hasta el viernes a las 5:00 PM EST cuando San Francisco termina operaciones. <\/p>\n<h5>Sesiones de operaci\u00f3n<\/h5>\n<p><img loading=\"lazy\" decoding=\"async\" src=\"http:\/\/www.straightforex.com\/es\/wp-content\/uploads\/tabla2-1.gif\" alt=\"tabla2\" width=\"585\" height=\"219\" class=\"alignnone size-full wp-image-163\" \/><br \/>\n[Tabla 2]<\/p>\n<p>Aqu\u00ed una tabla un poco m\u00e1s comprensible: <\/p>\n<p><img loading=\"lazy\" decoding=\"async\" src=\"http:\/\/www.straightforex.com\/es\/wp-content\/uploads\/tradingtimes.gif\" alt=\"tradingtimes\" width=\"600\" height=\"303\" class=\"alignnone size-full wp-image-153\" \/><\/p>\n<p>Imagen 1<\/p>\n<div class=\"tm-content-boxed uk-text-center\">\n<h3 class=\"uk-h2 uk-margin-bottom-remove\">Para Pensar 2<\/h3>\n<p class=\"uk-margin-small-top uk-margin-bottom-remove\">Como puedes ver en la tabla de arriba, tenemos 4 horas en las que el mercado de US y Londres est\u00e1n abiertos al mismo tiempo. \u00bfQu\u00e9 puede significar esto en t\u00e9rminos de volumen y liquidez?<\/p>\n<\/div>\n<p>Mapa de las sesiones del Mundo<\/p>\n<p><img loading=\"lazy\" decoding=\"async\" src=\"http:\/\/www.straightforex.com\/es\/wp-content\/uploads\/mapzone.gif\" alt=\"mapzone\" width=\"1000\" height=\"680\" class=\"alignnone size-full wp-image-150\" \/><\/p>\n<p>Imagen 2<\/p>\n<h3>Apalancamiento<\/h3>\n<p> Operar en el Forex te da la oportunidad de tener mas poder de compra\/venta que otros mercados financieros. Esto nos permite operar grandes cantidades de dinero con un peque\u00f1o dep\u00f3sito en margen. Algunos brokers ofrecen un apalancamiento de hasta 400:1, puedes controlar una posici\u00f3n de US$100,000 con \u00fanicamente el .25% o US$250. Esto a la vez nos permite mantener nuestro capital de riesgo al m\u00ednimo. <\/p>\n<p>Esta caracter\u00edstica es como un arma de doble filo. Si el apalancamiento no es usado apropiadamente puede trabajar como una desventaja. Mientras m\u00e1s apalancamiento usemos, mas de nuestro \u201ccapital de riesgo\u201d hay en riesgo. Es por eso que no recomendamos usar un apalancamiento mayor a 100:1.<\/p>\n<p><strong>Imaginemos este escenario<\/strong>: Dos traders con el mismo capital usando diferente apalancamiento: <\/p>\n<p><strong>Trader A<\/strong>: Usando 400:1 con una cuenta de US$2,000<br \/>\n<strong>Trader B<\/strong>: Usando 100:1 con una cuenta de US$2,000<\/p>\n<p>Si ambos abren una operaci\u00f3n estandar (100,000 unidades), el Trader A va a tener en riesgo US$1,750 (2,000 &#8211; 250 = 1,750) mientras el Trader B solo tendr\u00e1 US$1,000 (2,000 &#8211; 1,000 = 1,000).*<\/p>\n<p><em>*Por supuesto que tenemos t\u00e9cnicas de gesti\u00f3n del riesgo que le permitir\u00e1n al trader arriesgar menos con una orden de Stop Loss. Ya veremos estos temas a detalles. <\/em><\/p>\n<p>Por esta raz\u00f3n no es recomendable utilizar un apalancamiento mayor a 50:1.<\/p>\n<p>Recuerda que el margen es utilizado como un dep\u00f3sito, el resto es lo que tienen en riesgo. <\/p>\n<h3>Bajos costos de transacci\u00f3n<\/h3>\n<p> El mercado Forex es considerado como un de los mercado con menores costos de transacci\u00f3n. La mayor\u00eda de los brokers ofrecen hacer operaciones sin comisiones. El \u00fanico costo en el que un operador incurre es el pago del \u201cSpread\u201d (la diferencia del precio de compra y venta). Este spread puede ser tan bajo como un pip (el m\u00ednimo incremento que una divisa se puede mover). <\/p>\n<h3>Capital de riesgo al m\u00ednimo<\/h3>\n<p>El mercado Forex requiere menos capital para empezar a operar que otros mercados. La inversi\u00f3n inicial puede ser tan baja como US$1 (s\u00ed, lo le\u00edste bien, un d\u00f3lar). Pero en promedio, te permiten con un m\u00ednimo de US$300 dependiendo del apalancamiento ofrecido por el broker.<\/p>\n<p>Claro que no puedes esperar hacer una fortuna con esa inversi\u00f3n, pero si te ayudar\u00e1 a ver de qu\u00e9 se trata el trading y para practicar antes de arriesgar tu dinero. <\/p>\n<h3>Operaciones especializadas<\/h3>\n<p>La liquidez del mercado nos permite operar solo algunas divisas, las de mayor volumen. Alrededor del 80% de las transacciones ocurren en las siete divisas grandes mencionadas anteriormente. <\/p>\n<h3>Operar desde donde sea <\/h3>\n<p>El hecho de que las transacciones no tengan un lugar f\u00edsico donde todas ocurren, nos permite hacer operaciones en cualquier parte del mundo. <\/p>\n<p>Solo necesitamos un tel\u00e9fono o una conexi\u00f3n a Internet donde podamos tener acceso al broker. <\/p>\n<h3>Forex vs Otros Mercados<\/h3>\n<p>Abajo veremos dos tablas comparativas entre el mercado Forex y otros mercado financieros.<\/p>\n<h5>Forex Acciones<\/h5>\n<p><img loading=\"lazy\" decoding=\"async\" src=\"http:\/\/www.straightforex.com\/es\/wp-content\/uploads\/tabla3.gif\" alt=\"tabla3\" width=\"586\" height=\"339\" class=\"alignnone size-full wp-image-151\" \/><\/p>\n<p>Tabla 3<\/p>\n<h5>Forex vs. Futuros<\/h5>\n<p><img loading=\"lazy\" decoding=\"async\" src=\"http:\/\/www.straightforex.com\/es\/wp-content\/uploads\/tabla4.gif\" alt=\"tabla4\" width=\"587\" height=\"262\" class=\"alignnone size-full wp-image-152\" \/><\/p>\n<p>Tabla 4<\/p>\n","protected":false},"excerpt":{"rendered":"<p>Operar el mercado Forex tiene muchas ventajas sobre otros mercados financieros. Entre las m\u00e1s importantes tenemos: Liquidez El Mercado Forex es por mucho el mercado financiero mas liquido del mundo con caso 2 trillones de d\u00f3lares en transacciones diarias. \u00bfC\u00f3mo nos ayuda la liquidez? Nos ayuda de las siguientes maneras: Estabilidad del precio. Con un [&hellip;]<\/p>\n","protected":false},"author":1,"featured_media":0,"parent":142,"menu_order":2,"comment_status":"open","ping_status":"closed","template":"","meta":{"footnotes":""},"class_list":["post-149","page","type-page","status-publish","hentry"],"_links":{"self":[{"href":"http:\/\/www.straightforex.com\/es\/wp-json\/wp\/v2\/pages\/149","targetHints":{"allow":["GET"]}}],"collection":[{"href":"http:\/\/www.straightforex.com\/es\/wp-json\/wp\/v2\/pages"}],"about":[{"href":"http:\/\/www.straightforex.com\/es\/wp-json\/wp\/v2\/types\/page"}],"author":[{"embeddable":true,"href":"http:\/\/www.straightforex.com\/es\/wp-json\/wp\/v2\/users\/1"}],"replies":[{"embeddable":true,"href":"http:\/\/www.straightforex.com\/es\/wp-json\/wp\/v2\/comments?post=149"}],"version-history":[{"count":11,"href":"http:\/\/www.straightforex.com\/es\/wp-json\/wp\/v2\/pages\/149\/revisions"}],"predecessor-version":[{"id":874,"href":"http:\/\/www.straightforex.com\/es\/wp-json\/wp\/v2\/pages\/149\/revisions\/874"}],"up":[{"embeddable":true,"href":"http:\/\/www.straightforex.com\/es\/wp-json\/wp\/v2\/pages\/142"}],"wp:attachment":[{"href":"http:\/\/www.straightforex.com\/es\/wp-json\/wp\/v2\/media?parent=149"}],"curies":[{"name":"wp","href":"https:\/\/api.w.org\/{rel}","templated":true}]}}