{"id":144,"date":"2016-07-22T14:08:15","date_gmt":"2016-07-22T14:08:15","guid":{"rendered":"http:\/\/www.straightforex.com\/es\/?page_id=144"},"modified":"2016-08-03T01:29:26","modified_gmt":"2016-08-03T01:29:26","slug":"el-mercado-forex","status":"publish","type":"page","link":"http:\/\/www.straightforex.com\/es\/curso-basico-de-forex\/introduccion-al-mercado-forex\/el-mercado-forex\/","title":{"rendered":"El Mercado Forex"},"content":{"rendered":"<h3>Qu\u00e9 es el mercado Forex?<\/h3>\n<p>Forex es un acr\u00f3nimo de &#8220;<strong>For<\/strong>eign <strong>Ex<\/strong>change&#8221; tambi\u00e9n llamado &#8220;Currency Market&#8221; o Mercado de Divisas. <\/p>\n<h3>Qu\u00e9 se opera en el mercado Forex?<\/h3>\n<p>\u00bfQu\u00e9 se intercambia en el Mercado Forex?<\/p>\n<p>Dinero, tan simple como eso. Las divisas son compradas y vendidas libremente. Esto se refiere a la compra de una moneda y venta de otra de manera simultanea. <\/p>\n<p>Por ejemplo, si por alg\u00fan motivo pensamos que el Euro se va a apreciar, necesitamos comprar EUR\/USD. Cuando compramos EUR\/USD en realidad se esta comprando EUR y vendiendo USD. Tambi\u00e9n se dice cuando se esta comprando una divisa \u201cEstoy Largo\u201d y cuando se vende \u201cEstoy Corto\u201d.<\/p>\n<p>M\u00e1s del 80% del volumen de las transacciones se genera en lo que conocemos como las 7 grandes monedas:<\/p>\n<div>\n<i class=\"uk-theme-icon-check uk-margin-small-top\"><\/i>  El D\u00f3lar Americano (USD)<br \/>\n<i class=\"uk-theme-icon-check uk-margin-small-top\"><\/i>  El Euro (EUR)<br \/>\n<i class=\"uk-theme-icon-check uk-margin-small-top\"><\/i>  La Libra Esterlina (GBP)<br \/>\n<i class=\"uk-theme-icon-check uk-margin-small-top\"><\/i>  El Franco Suizo (CHF)<br \/>\n<i class=\"uk-theme-icon-check uk-margin-small-top\"><\/i>  El D\u00f3lar Canadiense (CAD)<br \/>\n<i class=\"uk-theme-icon-check uk-margin-small-top\"><\/i>  El D\u00f3lar Australiano (AUD)<br \/>\n<i class=\"uk-theme-icon-check uk-margin-small-top\"><\/i>  El Yen Japon\u00e9s (JPY)\n<\/div>\n<h3>\u00bfCu\u00e1ndo empez\u00f3 todo?<\/h3>\n<p>No se puede decir que el Mercado Forex se formo despu\u00e9s de un evento. Una serie de eventos ocurrieron e hicieron posible que conozcamos al mercado como lo es ahora.<\/p>\n<p>Todo empez\u00f3 cuando el <strong>acuerdo de Bretton Woods<\/strong> fue abandonado alrededor de 1971. <\/p>\n<p>En este acuerdo los pa\u00edses participantes ten\u00edan sus monedas valuadas en t\u00e9rminos de oro o el D\u00f3lar americano. Para 1973 las naciones m\u00e1s poderosas del mundo introdujeron un r\u00e9gimen de libre flotaci\u00f3n donde dejaban que el mercado dirija el precio de sus monedas o mejor dicho, que las fuerzas de oferta y demanda decidieran el precio de las divisas. Fue ah\u00ed, cuando el mercado Forex estaba disponible para especular, cubrir sus operaciones u otras razones.<\/p>\n<p>No fue hasta 1997 cuando el Mercado Forex estuvo disponible para operadores individuales a trav\u00e9s del apalancamiento y plataformas en l\u00ednea. Esto ofreci\u00f3 a especuladores alrededor del mundo grandes oportunidades de obtener ganancias del mercado.<\/p>\n<p>Hoy en d\u00eda, el mercado Forex es el mercado mas liquido del mundo con un volumen de transacciones diario de caso 2 trillones de d\u00f3lares. Mas que todos los otros mercados financieros de Estados Unidos.  <\/p>\n<h3>\u00bfEn donde se hacen todas las transacciones?<\/h3>\n<p>No hay lugar f\u00edsico donde todas las transacciones del mercado Forex tienen lugar. Todas las transacciones son conducidas via telecomunicaciones (tel\u00e9fono, plataformas en l\u00ednea, etc.) entre bancos, instituciones, operadores, etc. <\/p>\n<p>A esto se le llama un mercado \u201cOver the Counter\u201d (OTC).<\/p>\n<div class=\"tm-content-boxed uk-text-center\">\n<h3 class=\"uk-h2 uk-margin-bottom-remove\">Para Pensar 1<\/h3>\n<p class=\"uk-margin-small-top uk-margin-bottom-remove\">C\u00f3mo crees que el volumen de todas las transacciones en el Mercado Forex son medidas? Pongamos al mercado accionario en perspectiva, todas las transacciones en el NYSE (New York Stock Exchange) se manejan dentro del NYSE, as\u00ed pueden medir cuantas operaciones en corto y largo se hacen en cualquier momento. Pero no hay un lugar f\u00edsico en donde se hagan todas las operaciones en el mercado Forex, c\u00f3mo se mide el volumen? O es posible a caso medir el volumen de todas las transacciones?<\/p>\n<\/div>\n","protected":false},"excerpt":{"rendered":"<p>Qu\u00e9 es el mercado Forex? Forex es un acr\u00f3nimo de &#8220;Foreign Exchange&#8221; tambi\u00e9n llamado &#8220;Currency Market&#8221; o Mercado de Divisas. Qu\u00e9 se opera en el mercado Forex? \u00bfQu\u00e9 se intercambia en el Mercado Forex? Dinero, tan simple como eso. Las divisas son compradas y vendidas libremente. Esto se refiere a la compra de una moneda [&hellip;]<\/p>\n","protected":false},"author":1,"featured_media":0,"parent":142,"menu_order":1,"comment_status":"open","ping_status":"closed","template":"","meta":{"footnotes":""},"class_list":["post-144","page","type-page","status-publish","hentry"],"_links":{"self":[{"href":"http:\/\/www.straightforex.com\/es\/wp-json\/wp\/v2\/pages\/144","targetHints":{"allow":["GET"]}}],"collection":[{"href":"http:\/\/www.straightforex.com\/es\/wp-json\/wp\/v2\/pages"}],"about":[{"href":"http:\/\/www.straightforex.com\/es\/wp-json\/wp\/v2\/types\/page"}],"author":[{"embeddable":true,"href":"http:\/\/www.straightforex.com\/es\/wp-json\/wp\/v2\/users\/1"}],"replies":[{"embeddable":true,"href":"http:\/\/www.straightforex.com\/es\/wp-json\/wp\/v2\/comments?post=144"}],"version-history":[{"count":27,"href":"http:\/\/www.straightforex.com\/es\/wp-json\/wp\/v2\/pages\/144\/revisions"}],"predecessor-version":[{"id":870,"href":"http:\/\/www.straightforex.com\/es\/wp-json\/wp\/v2\/pages\/144\/revisions\/870"}],"up":[{"embeddable":true,"href":"http:\/\/www.straightforex.com\/es\/wp-json\/wp\/v2\/pages\/142"}],"wp:attachment":[{"href":"http:\/\/www.straightforex.com\/es\/wp-json\/wp\/v2\/media?parent=144"}],"curies":[{"name":"wp","href":"https:\/\/api.w.org\/{rel}","templated":true}]}}