{"id":142,"date":"2016-07-21T23:04:40","date_gmt":"2016-07-21T23:04:40","guid":{"rendered":"http:\/\/www.straightforex.com\/es\/?page_id=142"},"modified":"2016-07-26T16:25:51","modified_gmt":"2016-07-26T16:25:51","slug":"introduccion-al-mercado-forex","status":"publish","type":"page","link":"http:\/\/www.straightforex.com\/es\/curso-basico-de-forex\/introduccion-al-mercado-forex\/","title":{"rendered":"Introducci\u00f3n al Mercado Forex"},"content":{"rendered":"<p>Bienvenido a esta tu primera lecci\u00f3n educativa de nuestro programa de entrenamiento. Aqu\u00ed vas a revisar y aprender informaci\u00f3n b\u00e1sica relacionada con el Mercado de Divisas.<\/p>\n<p>En cualquier tipo de negocio, desde vender carros usados hasta operar el mercado Forex es importante entender todos los aspectos importantes del mercado, desde lo m\u00e1s esencial hasta lo m\u00e1s complejo.<\/p>\n<p>Imagina este escenario, si fueras a vender carros usados, \u00bfcomprar\u00edas un lote de carros e intentar\u00edas venderlo en donde sea? No lo creo, si hicieras esto probablemente te quedaras con todos los carros sin vender si quiera uno. \u00bfQu\u00e9 har\u00edas entonces? Seguramente si fueras a incursionar en el mercado de carros usados investigar\u00edas un poco acerca del mercado, quienes son los posibles clientes, comparar\u00edas precios de los competidores, hicieras un an\u00e1lisis de las ventajas y desventajas del mercado de carros usados y mucho m\u00e1s.<\/p>\n<p>Esto es exactamente lo mismo cuando te refieres a incursionar en el mercado Forex. Hemos visto muchos operadores perder sus cuentas por no tener conocimiento de lo que es una llamada en margen o margin call (si no tienes conocimiento de este concepto no te preocupes, en esta lecci\u00f3n vamos a tocar todos los aspectos fundamentales del Forex).<\/p>\n<p>No queremos que esto nos pase a nosotros, es por eso que en esta lecci\u00f3n nos vamos a familiarizar con todos los conceptos importantes del mercado de divisas. <\/p>\n<p>Est\u00e1 lecci\u00f3n est\u00e1 estructurada de la siguiente manera:<\/p>\n<h3><a href=\"http:\/\/www.straightforex.com\/es\/curso-basico-de-forex\/introduccion-al-mercado-forex\/el-mercado-forex\/\">Secci\u00f3n 2: El Mercado Forex<\/a><\/h3>\n<p>Respondemos preguntas importantes como: Qu\u00e9 es el mercado Forex? Cu\u00e1ndo empez\u00f3? Qu\u00e9 se opera? En d\u00f3nde se realizan todas las operaciones? Y otras. <\/p>\n<h3><a href=\"http:\/\/www.straightforex.com\/es\/curso-basico-de-forex\/introduccion-al-mercado-forex\/beneficios-de-operar-el-mercado-forex\/\">Secci\u00f3n 3: Ventajas del Mercado Forex<\/a><\/h3>\n<p>Comparamos la operaci\u00f3n del mercado forex con otros mercados. <\/p>\n<h3><a href=\"http:\/\/www.straightforex.com\/es\/curso-basico-de-forex\/introduccion-al-mercado-forex\/principales-participantes\/\">Secci\u00f3n 4: Principales Participantes<\/a><\/h3>\n<p>Analizamos quienes son los principales participantes del mercado Forex. <\/p>\n<h3><a href=\"http:\/\/www.straightforex.com\/es\/curso-basico-de-forex\/introduccion-al-mercado-forex\/resumen-introduccion-al-mercado-forex\/\">Secci\u00f3n 5: Resumen<\/a><\/h3>\n<p>Peque\u00f1o resumen de la lecci\u00f3n<\/p>\n","protected":false},"excerpt":{"rendered":"<p>Bienvenido a esta tu primera lecci\u00f3n educativa de nuestro programa de entrenamiento. Aqu\u00ed vas a revisar y aprender informaci\u00f3n b\u00e1sica relacionada con el Mercado de Divisas. En cualquier tipo de negocio, desde vender carros usados hasta operar el mercado Forex es importante entender todos los aspectos importantes del mercado, desde lo m\u00e1s esencial hasta lo [&hellip;]<\/p>\n","protected":false},"author":1,"featured_media":0,"parent":139,"menu_order":1,"comment_status":"open","ping_status":"closed","template":"","meta":{"footnotes":""},"class_list":["post-142","page","type-page","status-publish","hentry"],"_links":{"self":[{"href":"http:\/\/www.straightforex.com\/es\/wp-json\/wp\/v2\/pages\/142","targetHints":{"allow":["GET"]}}],"collection":[{"href":"http:\/\/www.straightforex.com\/es\/wp-json\/wp\/v2\/pages"}],"about":[{"href":"http:\/\/www.straightforex.com\/es\/wp-json\/wp\/v2\/types\/page"}],"author":[{"embeddable":true,"href":"http:\/\/www.straightforex.com\/es\/wp-json\/wp\/v2\/users\/1"}],"replies":[{"embeddable":true,"href":"http:\/\/www.straightforex.com\/es\/wp-json\/wp\/v2\/comments?post=142"}],"version-history":[{"count":2,"href":"http:\/\/www.straightforex.com\/es\/wp-json\/wp\/v2\/pages\/142\/revisions"}],"predecessor-version":[{"id":178,"href":"http:\/\/www.straightforex.com\/es\/wp-json\/wp\/v2\/pages\/142\/revisions\/178"}],"up":[{"embeddable":true,"href":"http:\/\/www.straightforex.com\/es\/wp-json\/wp\/v2\/pages\/139"}],"wp:attachment":[{"href":"http:\/\/www.straightforex.com\/es\/wp-json\/wp\/v2\/media?parent=142"}],"curies":[{"name":"wp","href":"https:\/\/api.w.org\/{rel}","templated":true}]}}