{"id":135,"date":"2016-07-21T15:30:54","date_gmt":"2016-07-21T15:30:54","guid":{"rendered":"http:\/\/www.straightforex.com\/es\/?page_id=135"},"modified":"2016-07-21T15:30:54","modified_gmt":"2016-07-21T15:30:54","slug":"acerca","status":"publish","type":"page","link":"http:\/\/www.straightforex.com\/es\/acerca\/","title":{"rendered":"Acerca"},"content":{"rendered":"<p>Toda la informaci\u00f3n que tenemos en el sitio siempre ser\u00e1 gratuita!<\/p>\n<p>La intenci\u00f3n es ayudarte a entender los mercado primero, y despu\u00e9s ayudarte a tomar buenas decisiones. <\/p>\n<p>Estaremos a\u00f1adiendo nuevas herramientas y recursos para que puedas lograr tus objetivos, as\u00ed que regresa regularmente. <\/p>\n<p>Cont\u00e1ctanos al correo: hello@straightforex.com<\/p>\n","protected":false},"excerpt":{"rendered":"<p>Toda la informaci\u00f3n que tenemos en el sitio siempre ser\u00e1 gratuita! La intenci\u00f3n es ayudarte a entender los mercado primero, y despu\u00e9s ayudarte a tomar buenas decisiones. Estaremos a\u00f1adiendo nuevas herramientas y recursos para que puedas lograr tus objetivos, as\u00ed que regresa regularmente. Cont\u00e1ctanos al correo: hello@straightforex.com<\/p>\n","protected":false},"author":1,"featured_media":0,"parent":0,"menu_order":0,"comment_status":"closed","ping_status":"closed","template":"","meta":{"footnotes":""},"class_list":["post-135","page","type-page","status-publish","hentry"],"_links":{"self":[{"href":"http:\/\/www.straightforex.com\/es\/wp-json\/wp\/v2\/pages\/135","targetHints":{"allow":["GET"]}}],"collection":[{"href":"http:\/\/www.straightforex.com\/es\/wp-json\/wp\/v2\/pages"}],"about":[{"href":"http:\/\/www.straightforex.com\/es\/wp-json\/wp\/v2\/types\/page"}],"author":[{"embeddable":true,"href":"http:\/\/www.straightforex.com\/es\/wp-json\/wp\/v2\/users\/1"}],"replies":[{"embeddable":true,"href":"http:\/\/www.straightforex.com\/es\/wp-json\/wp\/v2\/comments?post=135"}],"version-history":[{"count":1,"href":"http:\/\/www.straightforex.com\/es\/wp-json\/wp\/v2\/pages\/135\/revisions"}],"predecessor-version":[{"id":136,"href":"http:\/\/www.straightforex.com\/es\/wp-json\/wp\/v2\/pages\/135\/revisions\/136"}],"wp:attachment":[{"href":"http:\/\/www.straightforex.com\/es\/wp-json\/wp\/v2\/media?parent=135"}],"curies":[{"name":"wp","href":"https:\/\/api.w.org\/{rel}","templated":true}]}}